{"id":24,"date":"2017-10-13T18:54:22","date_gmt":"2017-10-13T16:54:22","guid":{"rendered":"http:\/\/www.akitafundacja.pl\/?page_id=24"},"modified":"2023-10-27T09:03:36","modified_gmt":"2023-10-27T07:03:36","slug":"prasa-i-media","status":"publish","type":"page","link":"https:\/\/www.akitafundacja.pl\/index.php\/prasa-i-media\/","title":{"rendered":"Prasa i media"},"content":{"rendered":"<p>WIKIPEDIA<\/p>\n<p><span style=\"color: #3366ff;\"><a style=\"color: #3366ff;\" href=\"https:\/\/pl.wikipedia.org\/wiki\/Opornik_%C5%82atkowaty\" target=\"_blank\" rel=\"noopener\">https:\/\/pl.wikipedia.org\/wiki\/Opornik_%C5%82atkowaty<\/a><\/span><\/p>\n<p><span style=\"color: #3366ff;\"><a style=\"color: #3366ff;\" href=\"http:\/\/www.niedziela.pl\/artykul\/110672\/nd\/AKITA-150-pomoc-rodzinie\">http:\/\/www.niedziela.pl\/artykul\/110672\/nd\/AKITA-150-pomoc-rodzinie<\/a><\/span><\/p>\n<p>&nbsp;<\/p>\n<p>TYGODNIK KATOLICKI NIEDZIELA<\/p>\n<p><img decoding=\"async\" class=\"alignnone size-full wp-image-77\" src=\"https:\/\/www.akitafundacja.pl\/wp-content\/uploads\/2017\/12\/niedziela.jpg\" alt=\"\" width=\"254\" height=\"50\" \/><\/p>\n<p class=\"western\" align=\"justify\"><a href=\"http:\/\/www.niedziela.pl\/artykul\/110672\/nd\/AKITA-150-pomoc-rodzinie\"><span style=\"color: #3366ff;\">http:\/\/www.niedziela.pl\/artykul\/110672\/nd\/AKITA-150-pomoc-rodzinie<\/span><\/a><\/p>\n<p><span style=\"color: #3366ff;\"><a style=\"color: #3366ff;\" href=\"http:\/\/www.niedziela.pl\/artykul\/95796\/nd\/Kudzu-Root-nadzieja-w-walce-z-pijanstwem\">http:\/\/www.niedziela.pl\/artykul\/95796\/nd\/Kudzu-Root-nadzieja-w-walce-z-pijanstwem<\/a><\/span><\/p>\n<p><span style=\"color: #3366ff;\"><a style=\"color: #3366ff;\" href=\"http:\/\/www.niedziela.pl\/artykul\/79057\/nd\/Kudzu-Root-nowa-farmakoterapia-uzaleznien\">http:\/\/www.niedziela.pl\/artykul\/79057\/nd\/Kudzu-Root-nowa-farmakoterapia-uzaleznien<\/a><\/span><\/p>\n<p><span style=\"color: #3366ff;\"><a style=\"color: #3366ff;\" href=\"http:\/\/www.niedziela.pl\/artykul\/87952\/nd\/Eliminowac-nalogi\">http:\/\/www.niedziela.pl\/artykul\/87952\/nd\/Eliminowac-nalogi<\/a><\/span><\/p>\n<p><span style=\"color: #3366ff;\"><a style=\"color: #3366ff;\" href=\"http:\/\/www.niedziela.pl\/artykul\/74420\/nd\/Kudzu-ROOT---ziolowy-Oskar-2003\">http:\/\/www.niedziela.pl\/artykul\/74420\/nd\/Kudzu-ROOT&#8212;ziolowy-Oskar-2003<\/a><\/span><\/p>\n<p>&nbsp;<\/p>\n<p>USOPA\u0141<\/p>\n<p>K\u0142\u0105cza Kudzu przeciwko kokainie<\/p>\n<p><img decoding=\"async\" class=\"alignnone size-full wp-image-79\" src=\"https:\/\/www.akitafundacja.pl\/wp-content\/uploads\/2017\/12\/usopal.jpg\" alt=\"\" width=\"254\" height=\"50\" \/><\/p>\n<p><span style=\"color: #3366ff;\"><a style=\"color: #3366ff;\" href=\"http:\/\/www.usopal.pl\/publicystyka\/1396-kudzu-nowa-nadzieja-w-walce-z-uzalenieniem-od-kokainy-2\">http:\/\/www.usopal.pl\/publicystyka\/1396-kudzu-nowa-nadzieja-w-walce-z-uzalenieniem-od-kokainy-2<\/a><\/span><\/p>\n<p>&nbsp;<\/p>\n<p>PISMO KANADYJSKIE <span style=\"font-size: medium;\"><strong>MICHAEL<\/strong><\/span><\/p>\n<p><img decoding=\"async\" class=\"alignnone size-medium wp-image-80\" src=\"https:\/\/www.akitafundacja.pl\/wp-content\/uploads\/2017\/12\/michael-300x43.jpg\" alt=\"\" width=\"300\" height=\"43\" srcset=\"https:\/\/www.akitafundacja.pl\/wp-content\/uploads\/2017\/12\/michael-300x43.jpg 300w, https:\/\/www.akitafundacja.pl\/wp-content\/uploads\/2017\/12\/michael.jpg 350w\" sizes=\"(max-width: 300px) 100vw, 300px\" \/><\/p>\n<p>Krytyka programu Anonimowych Alkoholik\u00f3w<\/p>\n<p>pt. KORZENIE ANONIMOWYCH ALKOHOLIK\u00d3W<\/p>\n<p><span style=\"color: #3366ff;\"><a style=\"color: #3366ff;\" href=\"http:\/\/www.michaeljournal.org\/michael-polish-2012-08_09_aug_sept-p-14-to-18.pdf\">http:\/\/www.michaeljournal.org\/michael-polish-2012-08_09_aug_sept-p-14-to-18.pdf<\/a><\/span><\/p>\n<p>ARTYKU\u0141 O PROJEKCIE KANADYJSKIM DLA POLSKI<\/p>\n<p>ZATRZYMA\u0106 TRUCIE POLAK\u00d3W<\/p>\n<p><span style=\"color: #3366ff;\"><a style=\"color: #3366ff;\" href=\"https:\/\/www.akitafundacja.pl\/images\/akita\/right\/kudzu.pdf\">https:\/\/www.akitafundacja.pl\/images\/akita\/right\/kudzu.pdf<\/a><\/span><\/p>\n<p>&nbsp;<\/p>\n<p><a href=\"https:\/\/www.akitafundacja.pl\/wp-content\/uploads\/2017\/12\/6f05e442671c7f6c8a91af738c5c7b76.jpg\"><img loading=\"lazy\" decoding=\"async\" class=\"alignleft wp-image-81\" src=\"https:\/\/www.akitafundacja.pl\/wp-content\/uploads\/2017\/12\/6f05e442671c7f6c8a91af738c5c7b76.jpg\" alt=\"\" width=\"299\" height=\"420\" \/><\/a><\/p>\n<p>&nbsp;<\/p>\n<p>&nbsp;<\/p>\n","protected":false},"excerpt":{"rendered":"<p>WIKIPEDIA https:\/\/pl.wikipedia.org\/wiki\/Opornik_%C5%82atkowaty http:\/\/www.niedziela.pl\/artykul\/110672\/nd\/AKITA-150-pomoc-rodzinie &nbsp; TYGODNIK KATOLICKI NIEDZIELA http:\/\/www.niedziela.pl\/artykul\/110672\/nd\/AKITA-150-pomoc-rodzinie http:\/\/www.niedziela.pl\/artykul\/95796\/nd\/Kudzu-Root-nadzieja-w-walce-z-pijanstwem http:\/\/www.niedziela.pl\/artykul\/79057\/nd\/Kudzu-Root-nowa-farmakoterapia-uzaleznien http:\/\/www.niedziela.pl\/artykul\/87952\/nd\/Eliminowac-nalogi http:\/\/www.niedziela.pl\/artykul\/74420\/nd\/Kudzu-ROOT&#8212;ziolowy-Oskar-2003 &nbsp; USOPA\u0141 K\u0142\u0105cza Kudzu przeciwko kokainie http:\/\/www.usopal.pl\/publicystyka\/1396-kudzu-nowa-nadzieja-w-walce-z-uzalenieniem-od-kokainy-2 &nbsp; PISMO KANADYJSKIE MICHAEL Krytyka programu Anonimowych Alkoholik\u00f3w pt. KORZENIE ANONIMOWYCH ALKOHOLIK\u00d3W http:\/\/www.michaeljournal.org\/michael-polish-2012-08_09_aug_sept-p-14-to-18.pdf ARTYKU\u0141 O PROJEKCIE KANADYJSKIM DLA POLSKI ZATRZYMA\u0106 TRUCIE POLAK\u00d3W https:\/\/www.akitafundacja.pl\/images\/akita\/right\/kudzu.pdf &nbsp; &nbsp; &nbsp;<\/p>\n","protected":false},"author":1,"featured_media":0,"parent":0,"menu_order":0,"comment_status":"closed","ping_status":"closed","template":"","meta":{"_monsterinsights_skip_tracking":false,"_monsterinsights_sitenote_active":false,"_monsterinsights_sitenote_note":"","_monsterinsights_sitenote_category":0,"footnotes":""},"class_list":["post-24","page","type-page","status-publish","hentry","no-post-thumbnail"],"_links":{"self":[{"href":"https:\/\/www.akitafundacja.pl\/index.php\/wp-json\/wp\/v2\/pages\/24","targetHints":{"allow":["GET"]}}],"collection":[{"href":"https:\/\/www.akitafundacja.pl\/index.php\/wp-json\/wp\/v2\/pages"}],"about":[{"href":"https:\/\/www.akitafundacja.pl\/index.php\/wp-json\/wp\/v2\/types\/page"}],"author":[{"embeddable":true,"href":"https:\/\/www.akitafundacja.pl\/index.php\/wp-json\/wp\/v2\/users\/1"}],"replies":[{"embeddable":true,"href":"https:\/\/www.akitafundacja.pl\/index.php\/wp-json\/wp\/v2\/comments?post=24"}],"version-history":[{"count":9,"href":"https:\/\/www.akitafundacja.pl\/index.php\/wp-json\/wp\/v2\/pages\/24\/revisions"}],"predecessor-version":[{"id":3070,"href":"https:\/\/www.akitafundacja.pl\/index.php\/wp-json\/wp\/v2\/pages\/24\/revisions\/3070"}],"wp:attachment":[{"href":"https:\/\/www.akitafundacja.pl\/index.php\/wp-json\/wp\/v2\/media?parent=24"}],"curies":[{"name":"wp","href":"https:\/\/api.w.org\/{rel}","templated":true}]}}