{"id":10,"date":"2017-10-13T18:46:03","date_gmt":"2017-10-13T16:46:03","guid":{"rendered":"http:\/\/www.akitafundacja.pl\/?page_id=10"},"modified":"2022-03-23T10:32:59","modified_gmt":"2022-03-23T09:32:59","slug":"nowe-hasla","status":"publish","type":"page","link":"https:\/\/www.akitafundacja.pl\/index.php\/nowe-hasla\/","title":{"rendered":"Nowe has\u0142a"},"content":{"rendered":"<h1 style=\"text-align: center;\"><span style=\"color: #ff0000; font-size: large;\">POM\u00d3\u017b WALCZY\u0106 Z NA\u0141OGIEM A NIE Z CZ\u0141OWIEKIEM<\/span><\/h1>\n<h5><span style=\"font-size: 12pt;\"><strong>FUNDACJA AKITA :<\/strong><\/span><\/h5>\n<ul>\n<li><span style=\"font-size: 12pt;\">Zmieniamy stereotyp postrzegania ludzi uzale\u017cnionych. Przeciwdzia\u0142amy wykluczaniu ze spo\u0142ecze\u0144stwa rodzin niszczonych przez na\u0142ogi, pracujemy nad powrotem poszkodowanej rodziny do spo\u0142ecze\u0144stwa bez uprzedze\u0144, bez stygmatyzowania.<\/span><\/li>\n<\/ul>\n<ul>\n<li><span style=\"font-size: 12pt;\">Wprowadzamy zasad\u0119 szybkiego dzia\u0142ania, nie czekamy na konsekwencje na\u0142ogu. Oferujemy praktyczne porady w zakresie niwelowania problem\u00f3w. Oferujemy konsultacje prawne dla ofiar przemocy.<\/span><\/li>\n<\/ul>\n<ul>\n<li><span style=\"font-size: 12pt;\">Chcemy dociera\u0107 do \u015brodowisk wiejskich, w kt\u00f3rych brakuje cz\u0119sto mo\u017cliwo\u015bci pomocy dla poszkodowanej rodziny i samego uzale\u017cnionego.<\/span><\/li>\n<\/ul>\n<ul>\n<li><span style=\"font-size: 12pt;\">Edukujemy rodziny w zakresie profilaktyki prozdrowotnej i profilaktyki przeciwko na\u0142ogom. Prowadzimy poradnictwo, porady lekarza rodzinnego, pedagoga i psychologa oraz informujemy o innych o\u015brodkach pomocy czy leczenia.<\/span><\/li>\n<\/ul>\n<h1 style=\"text-align: center;\"><span style=\"font-size: 12pt;\"><span style=\"color: #ff0000; font-family: Helvetica, Arial, sans-serif; font-weight: bold; text-align: center; line-height: 1.3em;\">RODZINA <\/span><span style=\"color: #ff0000; line-height: 1.3em;\">OSOBY UZALE\u017bNIONEJ<\/span><\/span><\/h1>\n<h1 style=\"text-align: center;\"><span style=\"color: #ff0000; font-size: 12pt; font-family: Helvetica, Arial, sans-serif; font-weight: bold; text-align: center; line-height: 1.3em;\">MA PRAWO DO INFORMACJI O MO\u017bLIWO\u015aCIACH POMOCY <\/span><\/h1>\n<p style=\"text-align: center;\"><span style=\"line-height: 1.3em; color: #33cccc; font-size: 12pt; font-family: arial, helvetica, sans-serif;\"><strong>NIE MO\u017bNA WYRZUCA\u0106 Z DOMU CZ\u0141ONKA RODZINY Z POWODU JEGO CHOROBY <\/strong><\/span><\/p>\n<p style=\"text-align: center;\"><span style=\"color: #ff0000; font-size: 12pt;\"><strong> MO\u017bNA STOSOWA\u0106 PROSTE TERAPIE ZAMIAST METODY <span style=\"color: #33cccc;\"><span style=\"color: #008000;\">OSI\u0104GANIA DNA <\/span><\/span><\/strong><\/span><\/p>\n<p style=\"text-align: center;\"><span style=\"color: #33cccc; font-size: 12pt;\"><strong>OSOBA UZALE\u017bNIONA JEST <span style=\"font-family: arial, helvetica, sans-serif;\">PE\u0141NOPRAWNYM<\/span> OBYWATELEM I MA PRAWO DO LECZENIA I INFORMACJI<\/strong><\/span><\/p>\n<div class=\"contentpaneopen_heading\">\n<div class=\"contentheading\" style=\"text-align: center;\"><span style=\"font-size: 12pt;\"><strong> <span style=\"color: #ff0000;\">CHOROBA ALKOHOLOWA TO CHOROBA METABOLICZNA, NIELECZONA STAJE SI\u0118 ZAGRO\u017bENIEM DLA WSZYSTKICH WOK\u00d3\u0141<\/span><\/strong><\/span><\/div>\n<div><\/div>\n<\/div>\n<div class=\"contentpaneopen\">\n<p align=\"CENTER\"><span style=\"font-size: 12pt;\"><strong>WIKIPEDIA O ALKOHOLI\u0179MIE <\/strong><\/span><\/p>\n<p align=\"JUSTIFY\"><span style=\"font-size: 12pt;\"><strong>Alkoholizm, choroba alkoholowa, uzale\u017cnienie od alkoholu, toksykomania alkoholowa<\/strong> \u2013 zaburzenie polegaj\u0105ce na utracie kontroli nad ilo\u015bci\u0105 spo\u017cywanego <a href=\"http:\/\/pl.wikipedia.org\/wiki\/Nap%C3%B3j_alkoholowy\">alkoholu<\/a>.<\/span><\/p>\n<p align=\"JUSTIFY\"><span style=\"font-size: 12pt;\">Spo\u017cywanie zazwyczaj w du\u017cych dawkach alkoholu przez alkoholika jest spowodowane przymusem o charakterze psychicznym i somatycznym, <strong>i nie podlega jego woli<\/strong>, jednak mo\u017cliwe jest jego powstrzymanie i utrzymanie abstynencji. Mechanizm powstawania <a href=\"http:\/\/pl.wikipedia.org\/wiki\/Uzale%C5%BCnienie\">uzale\u017cnienia<\/a> nie jest do ko\u0144ca wyja\u015bniony, ale ma bezpo\u015bredni zwi\u0105zek z nadu\u017cywaniem alkoholu.<\/span><\/p>\n<p align=\"JUSTIFY\"><span style=\"font-size: 12pt;\">Ryzykownie nadu\u017cywa alkoholu oko\u0142o 16% polskiego spo\u0142ecze\u0144stwa<sup>.<\/sup> \u015amiertelna dawka alkoholu to 6\u20138 g na 1 kg masy cia\u0142a<sup>. <\/sup>Aby m\u00f3c m\u00f3wi\u0107 o uzale\u017cnieniu od alkoholu musz\u0105 wyst\u0105pi\u0107 minimum trzy z poni\u017cszych objaw\u00f3w. Do objaw\u00f3w nale\u017c\u0105:<\/span><\/p>\n<p align=\"JUSTIFY\"><span style=\"font-size: 12pt;\"><span style=\"line-height: 1.3em;\">1.Silna, natr\u0119tna potrzeba spo\u017cywania alkoholu (<\/span><span style=\"line-height: 1.3em;\"><a href=\"http:\/\/pl.wikipedia.org\/wiki\/G%C5%82%C3%B3d_alkoholowy\">g\u0142\u00f3d alkoholowy<\/a><\/span><span style=\"line-height: 1.3em;\">).<\/span><\/span><\/p>\n<p align=\"JUSTIFY\"><span style=\"font-size: 12pt; line-height: 1.3em;\">2. Upo\u015bledzona zdolno\u015b\u0107 kontrolowania picia alkoholu (trudno\u015bci w unikaniu rozpocz\u0119cia picia, trudno\u015bci w zako\u0144czeniu picia albo problemy z kontrolowaniem picia do wcze\u015bniej za\u0142o\u017conego poziomu).<\/span><\/p>\n<p align=\"JUSTIFY\"><span style=\"font-size: 12pt; line-height: 1.3em;\">3. Picie alkoholu w celu z\u0142agodzenia albo zapobie\u017cenia alkoholowemu zespo\u0142owi abstynencyjnemu oraz subiektywne poczucie skuteczno\u015bci takiego post\u0119powania.<\/span><\/p>\n<p align=\"JUSTIFY\"><span style=\"font-size: 12pt; line-height: 1.3em;\">4. Objawy abstynencyjne (dr\u017cenia mi\u0119\u015bniowe, nadci\u015bnienie t\u0119tnicze, tachykardia, nudno\u015bci, wymioty, biegunki, bezsenno\u015b\u0107, rozszerzenie \u017arenic, wysuszenie \u015bluz\u00f3wek, wzmo\u017cona potliwo\u015b\u0107, zaburzenia snu, nastr\u00f3j dra\u017cliwy lub obni\u017cony, l\u0119k).<\/span><\/p>\n<p align=\"JUSTIFY\"><span style=\"font-size: 12pt; line-height: 1.3em;\">5. Zmieniona (najcz\u0119\u015bciej zwi\u0119kszona) tolerancja alkoholu (ta sama dawka alkoholu nie przynosi oczekiwanego efektu, potrzeba spo\u017cywania wi\u0119kszych dawek alkoholu dla wywo\u0142ania oczekiwanego efektu).<\/span><\/p>\n<p align=\"JUSTIFY\"><span style=\"font-size: 12pt; line-height: 1.3em;\">6. Zaw\u0119\u017cenie repertuaru zachowa\u0144 zwi\u0105zanych z piciem alkoholu do 1-2 wzorc\u00f3w.<\/span><\/p>\n<p align=\"JUSTIFY\"><span style=\"font-size: 12pt; line-height: 1.3em;\">7. Post\u0119puj\u0105ce zaniedbywanie alternatywnych do picia przyjemno\u015bci, zachowa\u0144 i zainteresowa\u0144.<\/span><\/p>\n<p align=\"JUSTIFY\"><span style=\"font-size: 12pt; line-height: 1.3em;\">8. Picie alkoholu mimo oczywistej wiedzy o jego szczeg\u00f3lnej szkodliwo\u015bci dla zdrowia pij\u0105cego.<\/span><\/p>\n<p align=\"JUSTIFY\"><span style=\"font-size: 12pt; line-height: 1.3em; color: #ff0000;\">ALKOHOLIZM TO PROBLEM SPO\u0141ECZNY<\/span><\/p>\n<p>&nbsp;<\/p>\n<p align=\"JUSTIFY\"><span style=\"font-size: 12pt;\">Alkoholizm to tak\u017ce <a href=\"http:\/\/pl.wikipedia.org\/wiki\/Problem_spo%C5%82eczny\">problem spo\u0142eczny<\/a> \u2013 zwykle cierpi nie tylko sam uzale\u017cniony ale tak\u017ce jego rodzina, najbli\u017csi i s\u0105siedzi<\/span><\/p>\n<p align=\"JUSTIFY\"><span style=\"font-size: 12pt;\">Poni\u017cej znajduj\u0105 si\u0119 problemy, z jakimi spotykaj\u0105 si\u0119 alkoholicy. Obok podany jest procent alkoholik\u00f3w, kt\u00f3rych dotyczy dany problem na podstawie badania Programu Aktywizacji Plac\u00f3wek Odwykowych<\/span><\/p>\n<p style=\"text-align: center;\" align=\"JUSTIFY\">\n<\/div>\n<p style=\"text-align: center;\"><img fetchpriority=\"high\" decoding=\"async\" class=\"size-medium wp-image-62\" src=\"https:\/\/www.akitafundacja.pl\/wp-content\/uploads\/2017\/12\/alcohol_dependence-300x230.jpg\" alt=\"\" width=\"300\" height=\"230\" srcset=\"https:\/\/www.akitafundacja.pl\/wp-content\/uploads\/2017\/12\/alcohol_dependence-300x230.jpg 300w, https:\/\/www.akitafundacja.pl\/wp-content\/uploads\/2017\/12\/alcohol_dependence.jpg 350w\" sizes=\"(max-width: 300px) 100vw, 300px\" \/><\/p>\n<div class=\"contentpaneopen\">\n<p style=\"text-align: center;\" align=\"JUSTIFY\"><span style=\"font-size: 12pt;\">Zaburzenia \u017cycia rodzinnego \u2013 94%<\/span><\/p>\n<p style=\"text-align: center;\" align=\"JUSTIFY\"><span style=\"font-size: 12pt;\">Problemy w kontaktach z lud\u017ami \u2013 84%<\/span><\/p>\n<p style=\"text-align: center;\" align=\"JUSTIFY\"><span style=\"font-size: 12pt;\">Problemy finansowe \u2013 82%<\/span><\/p>\n<p style=\"text-align: center;\" align=\"JUSTIFY\"><span style=\"font-size: 12pt;\">Przemoc wobec bliskich \u2013 57%<\/span><\/p>\n<p style=\"text-align: center;\" align=\"JUSTIFY\"><span style=\"font-size: 12pt;\">Problemy z prawem (karalno\u015b\u0107) \u2013 51%<\/span><\/p>\n<p align=\"JUSTIFY\">\n<p align=\"JUSTIFY\"><span style=\"font-size: 12pt;\">Przewlek\u0142y alkoholizm prowadzi do chor\u00f3b psychicznych, ci\u0119\u017ckich schorze\u0144 w\u0105troby, nerek, \u017co\u0142\u0105dka, serca itd. Zwi\u0119ksza przest\u0119pczo\u015b\u0107, sprzyja szerzeniu si\u0119 chor\u00f3b wenerycznych i ujemnie wp\u0142ywa na potomstwo. Nadu\u017cywanie alkoholu jest powodem powstawania problem\u00f3w w rodzinach oraz ich rozpadu.<\/span><\/p>\n<p align=\"JUSTIFY\">\n<\/div>\n<p style=\"text-align: center;\"><span style=\"font-size: 12pt;\"><span style=\"font-family: arial, helvetica, sans-serif;\"><strong><span style=\"color: #ff0000;\">METODA FARMAKOTERAPII ZIO\u0141OWEJ MO\u017bE POM\u00d3C ZATRZYMA\u0106 PROBLEM <\/span><\/strong><\/span><strong style=\"font-family: arial, helvetica, sans-serif; line-height: 1.3em;\"><span style=\"color: #ff0000;\"> ALKOHOLIZMU <\/span><\/strong><\/span><\/p>\n<div class=\"ddict_btn\" style=\"top: 2118px; left: 307.062px;\"><img decoding=\"async\" src=\"chrome-extension:\/\/fcfpagpiibkilokeihmaggjgheaemgbi\/logo\/48.png\" \/><\/div>\n","protected":false},"excerpt":{"rendered":"<p>POM\u00d3\u017b WALCZY\u0106 Z NA\u0141OGIEM A NIE Z CZ\u0141OWIEKIEM FUNDACJA AKITA : Zmieniamy stereotyp postrzegania ludzi uzale\u017cnionych. Przeciwdzia\u0142amy wykluczaniu ze spo\u0142ecze\u0144stwa rodzin niszczonych przez na\u0142ogi, pracujemy nad powrotem poszkodowanej rodziny do spo\u0142ecze\u0144stwa bez uprzedze\u0144, bez stygmatyzowania. Wprowadzamy zasad\u0119 szybkiego dzia\u0142ania, nie czekamy na konsekwencje na\u0142ogu. Oferujemy praktyczne porady w zakresie niwelowania.<\/p>\n","protected":false},"author":1,"featured_media":0,"parent":0,"menu_order":0,"comment_status":"closed","ping_status":"closed","template":"","meta":{"_monsterinsights_skip_tracking":false,"_monsterinsights_sitenote_active":false,"_monsterinsights_sitenote_note":"","_monsterinsights_sitenote_category":0,"footnotes":""},"class_list":["post-10","page","type-page","status-publish","hentry","no-post-thumbnail"],"_links":{"self":[{"href":"https:\/\/www.akitafundacja.pl\/index.php\/wp-json\/wp\/v2\/pages\/10","targetHints":{"allow":["GET"]}}],"collection":[{"href":"https:\/\/www.akitafundacja.pl\/index.php\/wp-json\/wp\/v2\/pages"}],"about":[{"href":"https:\/\/www.akitafundacja.pl\/index.php\/wp-json\/wp\/v2\/types\/page"}],"author":[{"embeddable":true,"href":"https:\/\/www.akitafundacja.pl\/index.php\/wp-json\/wp\/v2\/users\/1"}],"replies":[{"embeddable":true,"href":"https:\/\/www.akitafundacja.pl\/index.php\/wp-json\/wp\/v2\/comments?post=10"}],"version-history":[{"count":8,"href":"https:\/\/www.akitafundacja.pl\/index.php\/wp-json\/wp\/v2\/pages\/10\/revisions"}],"predecessor-version":[{"id":2713,"href":"https:\/\/www.akitafundacja.pl\/index.php\/wp-json\/wp\/v2\/pages\/10\/revisions\/2713"}],"wp:attachment":[{"href":"https:\/\/www.akitafundacja.pl\/index.php\/wp-json\/wp\/v2\/media?parent=10"}],"curies":[{"name":"wp","href":"https:\/\/api.w.org\/{rel}","templated":true}]}}